{"id":3,"date":"2023-03-10T18:32:53","date_gmt":"2023-03-10T18:32:53","guid":{"rendered":"https:\/\/sunpanelsstore.com\/?page_id=3"},"modified":"2023-04-02T03:52:50","modified_gmt":"2023-04-02T03:52:50","slug":"politica-de-confidencialidad","status":"publish","type":"page","link":"https:\/\/sunpanelsstore.com\/en\/politica-de-confidencialidad\/","title":{"rendered":"Confidentiality policy"},"content":{"rendered":"<style>.elementor-3 .elementor-element.elementor-element-35995367 > .elementor-background-overlay{background-color:var( --e-global-color-accent );background-image:url(\"https:\/\/sunpanelsstore.com\/wp-content\/uploads\/2023\/03\/bg_01.png\");background-position:bottom right;background-repeat:no-repeat;opacity:0.1;}.elementor-3 .elementor-element.elementor-element-35995367{margin-top:0px;margin-bottom:0px;padding:0px 0px 0px 0px;}.elementor-3 .elementor-element.elementor-element-4fb32530 > .elementor-element-populated >  .elementor-background-overlay{background-image:url(\"https:\/\/sunpanelsstore.com\/wp-content\/uploads\/2023\/03\/bg_01.png\");background-position:bottom right;background-repeat:no-repeat;background-size:100% auto;opacity:0.22;filter:brightness( 200% ) contrast( 100% ) saturate( 100% ) blur( 0px ) hue-rotate( 0deg );}.elementor-3 .elementor-element.elementor-element-4fb32530 > .elementor-element-populated, .elementor-3 .elementor-element.elementor-element-4fb32530 > .elementor-element-populated > .elementor-background-overlay, .elementor-3 .elementor-element.elementor-element-4fb32530 > .elementor-background-slideshow{border-radius:6px 6px 6px 6px;}.elementor-3 .elementor-element.elementor-element-4fb32530 > .elementor-element-populated{transition:background 0.3s, border 0.3s, border-radius 0.3s, box-shadow 0.3s;margin:0px 0px 0px 0px;--e-column-margin-right:0px;--e-column-margin-left:0px;padding:60px 20px 20px 20px;}.elementor-3 .elementor-element.elementor-element-4fb32530 > .elementor-element-populated > .elementor-background-overlay{transition:background 0.3s, border-radius 0.3s, opacity 0.3s;}.elementor-3 .elementor-element.elementor-element-4fb32530{z-index:2;}.elementor-3 .elementor-element.elementor-element-10e7b3dc .jeg-elementor-kit.jkit-heading{text-align:left;}.elementor-3 .elementor-element.elementor-element-10e7b3dc .jeg-elementor-kit.jkit-heading .heading-title{-webkit-box-decoration-break:clone;box-decoration-break:clone;display:inline;font-family:var( --e-global-typography-588aadf-font-family ), Sans-serif;font-size:var( --e-global-typography-588aadf-font-size );font-weight:var( --e-global-typography-588aadf-font-weight );line-height:var( --e-global-typography-588aadf-line-height );letter-spacing:var( --e-global-typography-588aadf-letter-spacing );word-spacing:var( --e-global-typography-588aadf-word-spacing );color:var( --e-global-color-primary );}.elementor-3 .elementor-element.elementor-element-10e7b3dc .jeg-elementor-kit.jkit-heading .heading-section-title{margin:0px 0px 0px 0px;}.elementor-3 .elementor-element.elementor-element-10e7b3dc .jeg-elementor-kit.jkit-heading .heading-section-title .heading-title{padding:0px 0px 0px 0px;}.elementor-3 .elementor-element.elementor-element-10e7b3dc > .elementor-widget-container{margin:0px 0px 0px 0px;padding:0px 0px 0px 0px;}@media(max-width:1024px){.elementor-3 .elementor-element.elementor-element-35995367{margin-top:0px;margin-bottom:0px;padding:0px 0px 0px 0px;}.elementor-3 .elementor-element.elementor-element-4fb32530 > .elementor-element-populated, .elementor-3 .elementor-element.elementor-element-4fb32530 > .elementor-element-populated > .elementor-background-overlay, .elementor-3 .elementor-element.elementor-element-4fb32530 > .elementor-background-slideshow{border-radius:0px 0px 0px 0px;}.elementor-3 .elementor-element.elementor-element-10e7b3dc .jeg-elementor-kit.jkit-heading .heading-title{font-size:var( --e-global-typography-588aadf-font-size );line-height:var( --e-global-typography-588aadf-line-height );letter-spacing:var( --e-global-typography-588aadf-letter-spacing );word-spacing:var( --e-global-typography-588aadf-word-spacing );}}@media(max-width:767px){.elementor-3 .elementor-element.elementor-element-4fb32530 > .elementor-element-populated, .elementor-3 .elementor-element.elementor-element-4fb32530 > .elementor-element-populated > .elementor-background-overlay, .elementor-3 .elementor-element.elementor-element-4fb32530 > .elementor-background-slideshow{border-radius:0px 0px 0px 0px;}.elementor-3 .elementor-element.elementor-element-10e7b3dc .jeg-elementor-kit.jkit-heading .heading-title{font-size:var( --e-global-typography-588aadf-font-size );line-height:var( --e-global-typography-588aadf-line-height );letter-spacing:var( --e-global-typography-588aadf-letter-spacing );word-spacing:var( --e-global-typography-588aadf-word-spacing );}}<\/style>\t\t<div data-elementor-type=\"wp-page\" data-elementor-id=\"3\" class=\"elementor elementor-3\" data-elementor-post-type=\"page\">\n\t\t\t\t\t\t<section class=\"elementor-section elementor-top-section elementor-element elementor-element-35995367 elementor-section-boxed elementor-section-height-default elementor-section-height-default\" data-id=\"35995367\" data-element_type=\"section\" data-e-type=\"section\">\n\t\t\t\t\t\t\t<div class=\"elementor-background-overlay\"><\/div>\n\t\t\t\t\t\t\t<div class=\"elementor-container elementor-column-gap-default\">\n\t\t\t\t\t<div class=\"elementor-column elementor-col-100 elementor-top-column elementor-element elementor-element-4fb32530\" data-id=\"4fb32530\" data-element_type=\"column\" data-e-type=\"column\" data-settings=\"{&quot;background_background&quot;:&quot;classic&quot;}\">\n\t\t\t<div class=\"elementor-widget-wrap elementor-element-populated\">\n\t\t\t\t\t<div class=\"elementor-background-overlay\"><\/div>\n\t\t\t\t\t\t<div class=\"elementor-element elementor-element-10e7b3dc elementor-widget elementor-widget-jkit_heading\" data-id=\"10e7b3dc\" data-element_type=\"widget\" data-e-type=\"widget\" data-widget_type=\"jkit_heading.default\">\n\t\t\t\t<div class=\"elementor-widget-container\">\n\t\t\t\t\t<div  class=\"jeg-elementor-kit jkit-heading  align-left align-tablet- align-mobile- jeg_module___69d2904a37bdb\" ><div class=\"heading-section-title  display-inline-block\"><h1 class=\"heading-title\">CONFIDENTIALITY POLICY<\/h1><\/div><\/div>\t\t\t\t<\/div>\n\t\t\t\t<\/div>\n\t\t\t\t\t<\/div>\n\t\t<\/div>\n\t\t\t\t\t<\/div>\n\t\t<\/section>\n\t\t\t\t<section class=\"elementor-section elementor-top-section elementor-element elementor-element-683bc4e elementor-section-boxed elementor-section-height-default elementor-section-height-default\" data-id=\"683bc4e\" data-element_type=\"section\" data-e-type=\"section\">\n\t\t\t\t\t\t<div class=\"elementor-container elementor-column-gap-default\">\n\t\t\t\t\t<div class=\"elementor-column elementor-col-100 elementor-top-column elementor-element elementor-element-f204777\" data-id=\"f204777\" data-element_type=\"column\" data-e-type=\"column\">\n\t\t\t<div class=\"elementor-widget-wrap elementor-element-populated\">\n\t\t\t\t\t\t<div class=\"elementor-element elementor-element-d6e28ae elementor-widget elementor-widget-text-editor\" data-id=\"d6e28ae\" data-element_type=\"widget\" data-e-type=\"widget\" data-widget_type=\"text-editor.default\">\n\t\t\t\t<div class=\"elementor-widget-container\">\n\t\t\t\t\t\t\t\t\t<p><strong>Confidentiality policy<\/strong><\/p><p>This Privacy Policy describes how your personal information is collected, used and shared when you visit or make a purchase from sunpanelsstore.com (the \"Site\").<\/p><p><strong>WHAT PERSONAL INFORMATION WE COLLECT<\/strong><\/p><p>When you visit the Site, we automatically collect certain information about your device, including information about your web browser, IP address, time zone and some of the cookies that are set on your device. In addition, as you browse the Site, we collect information about the individual web pages or products you view, which websites or search terms refer you to the Site, and information about how you interact with the Site. We refer to this automatically collected information as \"Device Information\".<\/p><p>We collect device information using the following technologies:<\/p><p>- Cookies are data files placed on your device or computer that often include an anonymous unique identifier. To learn more about cookies and how to disable them, visit http:\/\/www.allaboutcookies.org.<\/p><p>- Log files\" track actions that occur on the Site and collect data, including your IP address, browser type, Internet service provider, referring\/exit pages, and date\/time stamps.<\/p><p>- \"Web beacons,\" \"tags\" and \"pixels\" are electronic files that are used to record information about how you navigate the Site.<\/p><p>In addition, when you make a purchase or attempt to purchase through the Site, we collect certain information from you, including your name, billing address, shipping address, payment information (including credit card numbers, e-mail address and telephone number. We refer to this information as \"Order Information\".<\/p><p>When we refer to \"Personal Information\" in this Privacy Policy, we refer to both Device Information and Order Information.<\/p><p><strong>HOW WE USE YOUR PERSONAL INFORMATION<\/strong><\/p><p>We use the Order Information we collect generally to fulfill orders placed through the Site (including processing your payment information, arranging for shipment and sending invoices and\/or order confirmations). In addition, we use this Ordering Information to: communicate with you;<\/p><p>- Examine our orders for potential risks or fraud; and<\/p><p>- When in line with the preferences you have shared with us, provide you with information or advertising related to our products or services.<\/p><p>We use the device information we collect to help us detect potential risks and fraud (in particular, your IP address) and, in general, to improve and optimize our site (for example, by generating analytics about how our customers browse and interact with the Site, and to evaluate the success of our marketing and advertising campaigns).<\/p><p><strong>SHARING YOUR PERSONAL INFORMATION<\/strong><\/p><p>No personal information is given to third parties.<\/p><p><strong>NO FOLLOW-UP<\/strong><\/p><p>Please note that we do not change our Site's data collection and use practices when we see a \"Do Not Track\" signal from your browser.<\/p><p><strong>YOUR RIGHTS<\/strong><\/p><p>If you are a resident of the United States or Europe, you have the right to access the personal information we hold about you and to request that your personal information be corrected, updated or deleted. If you wish to exercise this right, please contact us using the contact information below.<\/p><p>In addition, if you are a European resident, we note that we are processing your information to fulfill contracts we may have with you (for example, if you place an order through it).<\/p><p>otherwise, to pursue our legitimate business interests listed above. Also, please note that your information will be transferred outside of Europe, including Canada and the United States.<\/p><p><strong>Data retention<\/strong><\/p><p>When you place an order through the Site, we will retain your Order Information for our records unless and until you ask us to delete this information.<\/p><p><strong>\u00a0CHANGES<\/strong><\/p><p>We may update this privacy policy from time to time to reflect, for example, changes in our practices or for other operational, legal or regulatory reasons.<\/p><p>Contact with us<\/p><p>For more information about our privacy practices, if you have any questions or if you would like to file a complaint, please contact us by e-mail at info@sunpanelsstore.com \/or by mail using the details provided below:<\/p><p>Panama, Province of Colon.<\/p><p>Address: Colon Free Zone, Block 22, 18th Street, Paktex Building No. 38, Local 5.<\/p>\t\t\t\t\t\t\t\t<\/div>\n\t\t\t\t<\/div>\n\t\t\t\t\t<\/div>\n\t\t<\/div>\n\t\t\t\t\t<\/div>\n\t\t<\/section>\n\t\t\t\t<\/div>","protected":false},"excerpt":{"rendered":"<p>POL\u00cdTICA DE CONFIDENCIALIDAD Pol\u00edtica de confidencialidad Esta Pol\u00edtica de privacidad describe c\u00f3mo se recopila, utiliza y comparte su informaci\u00f3n personal cuando visita o realiza una compra en sunpanelsstore.com (el \u00abSitio\u00bb). QU\u00c9 INFORMACI\u00d3N PERSONAL RECOLECTAMOS Cuando visita el Sitio, recopilamos autom\u00e1ticamente cierta informaci\u00f3n sobre su dispositivo, incluida informaci\u00f3n sobre su navegador web, direcci\u00f3n IP, zona horaria [&hellip;]<\/p>\n","protected":false},"author":3,"featured_media":0,"parent":0,"menu_order":0,"comment_status":"closed","ping_status":"closed","template":"elementor_header_footer","meta":{"_acf_changed":false,"footnotes":""},"class_list":["post-3","page","type-page","status-publish","hentry"],"acf":[],"_links":{"self":[{"href":"https:\/\/sunpanelsstore.com\/en\/wp-json\/wp\/v2\/pages\/3","targetHints":{"allow":["GET"]}}],"collection":[{"href":"https:\/\/sunpanelsstore.com\/en\/wp-json\/wp\/v2\/pages"}],"about":[{"href":"https:\/\/sunpanelsstore.com\/en\/wp-json\/wp\/v2\/types\/page"}],"author":[{"embeddable":true,"href":"https:\/\/sunpanelsstore.com\/en\/wp-json\/wp\/v2\/users\/3"}],"replies":[{"embeddable":true,"href":"https:\/\/sunpanelsstore.com\/en\/wp-json\/wp\/v2\/comments?post=3"}],"version-history":[{"count":0,"href":"https:\/\/sunpanelsstore.com\/en\/wp-json\/wp\/v2\/pages\/3\/revisions"}],"wp:attachment":[{"href":"https:\/\/sunpanelsstore.com\/en\/wp-json\/wp\/v2\/media?parent=3"}],"curies":[{"name":"wp","href":"https:\/\/api.w.org\/{rel}","templated":true}]}}