{"id":751,"date":"2023-03-28T21:52:06","date_gmt":"2023-03-28T21:52:06","guid":{"rendered":"https:\/\/sunpanelsstore.com\/?page_id=751"},"modified":"2023-04-02T03:53:32","modified_gmt":"2023-04-02T03:53:32","slug":"envios-y-devoluciones","status":"publish","type":"page","link":"https:\/\/sunpanelsstore.com\/en\/envios-y-devoluciones\/","title":{"rendered":"Shipping and Returns"},"content":{"rendered":"<style>.elementor-751 .elementor-element.elementor-element-35995367 > .elementor-background-overlay{background-color:var( --e-global-color-accent );background-image:url(\"https:\/\/sunpanelsstore.com\/wp-content\/uploads\/2023\/03\/bg_01.png\");background-position:bottom right;background-repeat:no-repeat;opacity:0.1;}.elementor-751 .elementor-element.elementor-element-35995367{margin-top:0px;margin-bottom:0px;padding:0px 0px 0px 0px;}.elementor-751 .elementor-element.elementor-element-4fb32530 > .elementor-element-populated >  .elementor-background-overlay{background-image:url(\"https:\/\/sunpanelsstore.com\/wp-content\/uploads\/2023\/03\/bg_01.png\");background-position:bottom right;background-repeat:no-repeat;background-size:100% auto;opacity:0.22;filter:brightness( 200% ) contrast( 100% ) saturate( 100% ) blur( 0px ) hue-rotate( 0deg );}.elementor-751 .elementor-element.elementor-element-4fb32530 > .elementor-element-populated, .elementor-751 .elementor-element.elementor-element-4fb32530 > .elementor-element-populated > .elementor-background-overlay, .elementor-751 .elementor-element.elementor-element-4fb32530 > .elementor-background-slideshow{border-radius:6px 6px 6px 6px;}.elementor-751 .elementor-element.elementor-element-4fb32530 > .elementor-element-populated{transition:background 0.3s, border 0.3s, border-radius 0.3s, box-shadow 0.3s;margin:0px 0px 0px 0px;--e-column-margin-right:0px;--e-column-margin-left:0px;padding:60px 20px 20px 20px;}.elementor-751 .elementor-element.elementor-element-4fb32530 > .elementor-element-populated > .elementor-background-overlay{transition:background 0.3s, border-radius 0.3s, opacity 0.3s;}.elementor-751 .elementor-element.elementor-element-4fb32530{z-index:2;}.elementor-751 .elementor-element.elementor-element-10e7b3dc .jeg-elementor-kit.jkit-heading{text-align:left;}.elementor-751 .elementor-element.elementor-element-10e7b3dc .jeg-elementor-kit.jkit-heading .heading-title{-webkit-box-decoration-break:clone;box-decoration-break:clone;display:inline;font-family:var( --e-global-typography-588aadf-font-family ), Sans-serif;font-size:var( --e-global-typography-588aadf-font-size );font-weight:var( --e-global-typography-588aadf-font-weight );line-height:var( --e-global-typography-588aadf-line-height );letter-spacing:var( --e-global-typography-588aadf-letter-spacing );word-spacing:var( --e-global-typography-588aadf-word-spacing );color:var( --e-global-color-primary );}.elementor-751 .elementor-element.elementor-element-10e7b3dc .jeg-elementor-kit.jkit-heading .heading-section-title{margin:0px 0px 0px 0px;}.elementor-751 .elementor-element.elementor-element-10e7b3dc .jeg-elementor-kit.jkit-heading .heading-section-title .heading-title{padding:0px 0px 0px 0px;}.elementor-751 .elementor-element.elementor-element-10e7b3dc > .elementor-widget-container{margin:0px 0px 0px 0px;padding:0px 0px 0px 0px;}@media(max-width:1024px){.elementor-751 .elementor-element.elementor-element-35995367{margin-top:0px;margin-bottom:0px;padding:0px 0px 0px 0px;}.elementor-751 .elementor-element.elementor-element-4fb32530 > .elementor-element-populated, .elementor-751 .elementor-element.elementor-element-4fb32530 > .elementor-element-populated > .elementor-background-overlay, .elementor-751 .elementor-element.elementor-element-4fb32530 > .elementor-background-slideshow{border-radius:0px 0px 0px 0px;}.elementor-751 .elementor-element.elementor-element-10e7b3dc .jeg-elementor-kit.jkit-heading .heading-title{font-size:var( --e-global-typography-588aadf-font-size );line-height:var( --e-global-typography-588aadf-line-height );letter-spacing:var( --e-global-typography-588aadf-letter-spacing );word-spacing:var( --e-global-typography-588aadf-word-spacing );}}@media(max-width:767px){.elementor-751 .elementor-element.elementor-element-4fb32530 > .elementor-element-populated, .elementor-751 .elementor-element.elementor-element-4fb32530 > .elementor-element-populated > .elementor-background-overlay, .elementor-751 .elementor-element.elementor-element-4fb32530 > .elementor-background-slideshow{border-radius:0px 0px 0px 0px;}.elementor-751 .elementor-element.elementor-element-10e7b3dc .jeg-elementor-kit.jkit-heading .heading-title{font-size:var( --e-global-typography-588aadf-font-size );line-height:var( --e-global-typography-588aadf-line-height );letter-spacing:var( --e-global-typography-588aadf-letter-spacing );word-spacing:var( --e-global-typography-588aadf-word-spacing );}}<\/style>\t\t<div data-elementor-type=\"wp-page\" data-elementor-id=\"751\" class=\"elementor elementor-751\" data-elementor-post-type=\"page\">\n\t\t\t\t\t\t<section class=\"elementor-section elementor-top-section elementor-element elementor-element-35995367 elementor-section-boxed elementor-section-height-default elementor-section-height-default\" data-id=\"35995367\" data-element_type=\"section\" data-e-type=\"section\">\n\t\t\t\t\t\t\t<div class=\"elementor-background-overlay\"><\/div>\n\t\t\t\t\t\t\t<div class=\"elementor-container elementor-column-gap-default\">\n\t\t\t\t\t<div class=\"elementor-column elementor-col-100 elementor-top-column elementor-element elementor-element-4fb32530\" data-id=\"4fb32530\" data-element_type=\"column\" data-e-type=\"column\" data-settings=\"{&quot;background_background&quot;:&quot;classic&quot;}\">\n\t\t\t<div class=\"elementor-widget-wrap elementor-element-populated\">\n\t\t\t\t\t<div class=\"elementor-background-overlay\"><\/div>\n\t\t\t\t\t\t<div class=\"elementor-element elementor-element-10e7b3dc elementor-widget elementor-widget-jkit_heading\" data-id=\"10e7b3dc\" data-element_type=\"widget\" data-e-type=\"widget\" data-widget_type=\"jkit_heading.default\">\n\t\t\t\t<div class=\"elementor-widget-container\">\n\t\t\t\t\t<div  class=\"jeg-elementor-kit jkit-heading  align-left align-tablet- align-mobile- jeg_module___69d2904a92256\" ><div class=\"heading-section-title  display-inline-block\"><h1 class=\"heading-title\">SHIPPING AND RETURNS<\/h1><\/div><\/div>\t\t\t\t<\/div>\n\t\t\t\t<\/div>\n\t\t\t\t\t<\/div>\n\t\t<\/div>\n\t\t\t\t\t<\/div>\n\t\t<\/section>\n\t\t\t\t<section class=\"elementor-section elementor-top-section elementor-element elementor-element-683bc4e elementor-section-boxed elementor-section-height-default elementor-section-height-default\" data-id=\"683bc4e\" data-element_type=\"section\" data-e-type=\"section\">\n\t\t\t\t\t\t<div class=\"elementor-container elementor-column-gap-default\">\n\t\t\t\t\t<div class=\"elementor-column elementor-col-100 elementor-top-column elementor-element elementor-element-f204777\" data-id=\"f204777\" data-element_type=\"column\" data-e-type=\"column\">\n\t\t\t<div class=\"elementor-widget-wrap elementor-element-populated\">\n\t\t\t\t\t\t<div class=\"elementor-element elementor-element-d6e28ae elementor-widget elementor-widget-text-editor\" data-id=\"d6e28ae\" data-element_type=\"widget\" data-e-type=\"widget\" data-widget_type=\"text-editor.default\">\n\t\t\t\t<div class=\"elementor-widget-container\">\n\t\t\t\t\t\t\t\t\t<p><strong>All sales on this site are final.<\/strong>\u00a0Unfortunately, we cannot offer you a refund or exchange for any product purchased on this site unless it is defective. If you receive a defective product, or if the order you received differs from your intended purchase, we will accept returns within\u00a0<strong>15 working days<\/strong>\u00a0after the date your package was received.<\/p><p>Your item must be unused and in the same condition in which you received it to meet return requirements. It must also be in the original packaging in which it was received.<\/p><p>To complete your return, we require a receipt or proof of purchase. We also require that all returns be accompanied by a detailed written statement. Please do not send your purchase to the manufacturer.<\/p><p>Instead, please contact our customer service department at info@sunpanelsstore.com and send your package to the following address:<\/p><p>sunpanelsstore.com by Cesa Export &amp; Import SA<\/p><p>Panama, Province of Colon.<\/p><p>Zona Libre de Col\u00f3n, Manzana 22, Calle 18, Edificio Paktex N\u00b0 38, Local 5.<\/p><p><strong>REFUNDS<\/strong><\/p><p>When your return is received and inspected, we will send you an email to notify you that we have received your returned item. We will also notify you of the approval or rejection of your refund.<br \/>If approved, your refund will be processed and a credit will be automatically applied to your original credit card or payment method within a certain number of days.<\/p><p><strong>EXCHANGE<\/strong><\/p><p>We only replace items if they are defective or damaged. If you need to exchange it for the same, please email us at support@sunpanelsstore.com and send your item to:<\/p><p>Sunpanelsstore.com.com por Cesa Export &amp; Import SA<\/p><p>Panama, Province of Colon.<\/p><p>Villa Guadalupe, corregimiento de cativa Provincia de Col\u00f3n. Corregimiento de Barrio sur, Urbanizaci\u00f3n Barrio Sur Zona Libre de Col\u00f3n, calle 18 YD, manzana 22 \u00c1rea Comercial de Col\u00f3n, Casa Lote N \u00b0 1 PAKTEX LOCAL 5-1.<\/p><p>Panam\u00e1 080807<\/p><p><strong>IN TRANSIT<\/strong><\/p><p>Our products are shipped within 4 to 7 days via U.S. Postal Service.<\/p><p>We offer flat rate shipping ($50.00) on any order to all locations within the continental United States of America and Panama. If you live outside the United States of America or Panama, additional shipping fees may apply.<\/p><p>To return your product, you must mail it to:<\/p><p>Sunpanelsstore.com by Cesa Export &amp; Import SA<\/p><p>Panam\u00e1, Provincia de Col\u00f3n<\/p><p>Zona Libre de Col\u00f3n, Manzana 22, Calle 18, Edificio Paktex N\u00b0 38, Local 5.<\/p><p>You will be responsible for paying your own shipping costs to return your item.<\/p><p>Shipping costs are non-refundable.<\/p><p>If you receive a refund, the shipping cost of the item will be deducted from your refund.<\/p><p>Depending on where you live, the time it takes for the exchanged product to reach you may vary.<\/p><p>If you are shipping a product valued at more than $75, you should consider using a courier service that includes a tracking number or purchase insurance to cover the merchandise.<\/p><p>We do not guarantee that we will receive your returned item.<\/p>\t\t\t\t\t\t\t\t<\/div>\n\t\t\t\t<\/div>\n\t\t\t\t\t<\/div>\n\t\t<\/div>\n\t\t\t\t\t<\/div>\n\t\t<\/section>\n\t\t\t\t<\/div>","protected":false},"excerpt":{"rendered":"<p>ENV\u00cdOS Y DEVOLUCIONES Todas las ventas en este sitio son definitivas.\u00a0Desafortunadamente, no podemos ofrecerle un reembolso o cambio de ning\u00fan producto comprado en este sitio a menos que tenga alg\u00fan defecto. Si recibe un producto defectuoso o si el pedido que recibi\u00f3 difiere de su compra prevista, aceptaremos devoluciones dentro de los\u00a015 d\u00edas h\u00e1biles\u00a0posteriores a [&hellip;]<\/p>\n","protected":false},"author":3,"featured_media":0,"parent":0,"menu_order":0,"comment_status":"closed","ping_status":"closed","template":"elementor_header_footer","meta":{"_acf_changed":false,"footnotes":""},"class_list":["post-751","page","type-page","status-publish","hentry"],"acf":[],"_links":{"self":[{"href":"https:\/\/sunpanelsstore.com\/en\/wp-json\/wp\/v2\/pages\/751","targetHints":{"allow":["GET"]}}],"collection":[{"href":"https:\/\/sunpanelsstore.com\/en\/wp-json\/wp\/v2\/pages"}],"about":[{"href":"https:\/\/sunpanelsstore.com\/en\/wp-json\/wp\/v2\/types\/page"}],"author":[{"embeddable":true,"href":"https:\/\/sunpanelsstore.com\/en\/wp-json\/wp\/v2\/users\/3"}],"replies":[{"embeddable":true,"href":"https:\/\/sunpanelsstore.com\/en\/wp-json\/wp\/v2\/comments?post=751"}],"version-history":[{"count":0,"href":"https:\/\/sunpanelsstore.com\/en\/wp-json\/wp\/v2\/pages\/751\/revisions"}],"wp:attachment":[{"href":"https:\/\/sunpanelsstore.com\/en\/wp-json\/wp\/v2\/media?parent=751"}],"curies":[{"name":"wp","href":"https:\/\/api.w.org\/{rel}","templated":true}]}}