{"id":756,"date":"2023-03-28T21:56:40","date_gmt":"2023-03-28T21:56:40","guid":{"rendered":"https:\/\/sunpanelsstore.com\/?page_id=756"},"modified":"2026-01-20T15:29:14","modified_gmt":"2026-01-20T21:29:14","slug":"programa-para-revendedores","status":"publish","type":"page","link":"https:\/\/sunpanelsstore.com\/en\/programa-para-revendedores\/","title":{"rendered":"Reseller Program"},"content":{"rendered":"<style>.elementor-756 .elementor-element.elementor-element-35995367 > .elementor-background-overlay{background-color:var( --e-global-color-accent );background-image:url(\"https:\/\/sunpanelsstore.com\/wp-content\/uploads\/2023\/03\/bg_01.png\");background-position:bottom right;background-repeat:no-repeat;opacity:0.1;}.elementor-756 .elementor-element.elementor-element-35995367{margin-top:0px;margin-bottom:0px;padding:0px 0px 0px 0px;}.elementor-756 .elementor-element.elementor-element-4fb32530 > .elementor-element-populated >  .elementor-background-overlay{background-image:url(\"https:\/\/sunpanelsstore.com\/wp-content\/uploads\/2023\/03\/bg_01.png\");background-position:bottom right;background-repeat:no-repeat;background-size:100% auto;opacity:0.22;filter:brightness( 200% ) contrast( 100% ) saturate( 100% ) blur( 0px ) hue-rotate( 0deg );}.elementor-756 .elementor-element.elementor-element-4fb32530 > .elementor-element-populated, .elementor-756 .elementor-element.elementor-element-4fb32530 > .elementor-element-populated > .elementor-background-overlay, .elementor-756 .elementor-element.elementor-element-4fb32530 > .elementor-background-slideshow{border-radius:6px 6px 6px 6px;}.elementor-756 .elementor-element.elementor-element-4fb32530 > .elementor-element-populated{transition:background 0.3s, border 0.3s, border-radius 0.3s, box-shadow 0.3s;margin:0px 0px 0px 0px;--e-column-margin-right:0px;--e-column-margin-left:0px;padding:60px 20px 20px 20px;}.elementor-756 .elementor-element.elementor-element-4fb32530 > .elementor-element-populated > .elementor-background-overlay{transition:background 0.3s, border-radius 0.3s, opacity 0.3s;}.elementor-756 .elementor-element.elementor-element-4fb32530{z-index:2;}.elementor-756 .elementor-element.elementor-element-10e7b3dc .jeg-elementor-kit.jkit-heading{text-align:left;}.elementor-756 .elementor-element.elementor-element-10e7b3dc .jeg-elementor-kit.jkit-heading .heading-title{-webkit-box-decoration-break:clone;box-decoration-break:clone;display:inline;font-family:var( --e-global-typography-588aadf-font-family ), Sans-serif;font-size:var( --e-global-typography-588aadf-font-size );font-weight:var( --e-global-typography-588aadf-font-weight );line-height:var( --e-global-typography-588aadf-line-height );letter-spacing:var( --e-global-typography-588aadf-letter-spacing );word-spacing:var( --e-global-typography-588aadf-word-spacing );color:var( --e-global-color-primary );}.elementor-756 .elementor-element.elementor-element-10e7b3dc .jeg-elementor-kit.jkit-heading .heading-section-title{margin:0px 0px 0px 0px;}.elementor-756 .elementor-element.elementor-element-10e7b3dc .jeg-elementor-kit.jkit-heading .heading-section-title .heading-title{padding:0px 0px 0px 0px;}.elementor-756 .elementor-element.elementor-element-10e7b3dc > .elementor-widget-container{margin:0px 0px 0px 0px;padding:0px 0px 0px 0px;}@media(max-width:1024px){.elementor-756 .elementor-element.elementor-element-35995367{margin-top:0px;margin-bottom:0px;padding:0px 0px 0px 0px;}.elementor-756 .elementor-element.elementor-element-4fb32530 > .elementor-element-populated, .elementor-756 .elementor-element.elementor-element-4fb32530 > .elementor-element-populated > .elementor-background-overlay, .elementor-756 .elementor-element.elementor-element-4fb32530 > .elementor-background-slideshow{border-radius:0px 0px 0px 0px;}.elementor-756 .elementor-element.elementor-element-10e7b3dc .jeg-elementor-kit.jkit-heading .heading-title{font-size:var( --e-global-typography-588aadf-font-size );line-height:var( --e-global-typography-588aadf-line-height );letter-spacing:var( --e-global-typography-588aadf-letter-spacing );word-spacing:var( --e-global-typography-588aadf-word-spacing );}}@media(max-width:767px){.elementor-756 .elementor-element.elementor-element-4fb32530 > .elementor-element-populated, .elementor-756 .elementor-element.elementor-element-4fb32530 > .elementor-element-populated > .elementor-background-overlay, .elementor-756 .elementor-element.elementor-element-4fb32530 > .elementor-background-slideshow{border-radius:0px 0px 0px 0px;}.elementor-756 .elementor-element.elementor-element-10e7b3dc .jeg-elementor-kit.jkit-heading .heading-title{font-size:var( --e-global-typography-588aadf-font-size );line-height:var( --e-global-typography-588aadf-line-height );letter-spacing:var( --e-global-typography-588aadf-letter-spacing );word-spacing:var( --e-global-typography-588aadf-word-spacing );}}<\/style>\t\t<div data-elementor-type=\"wp-page\" data-elementor-id=\"756\" class=\"elementor elementor-756\" data-elementor-post-type=\"page\">\n\t\t\t\t\t\t<section class=\"elementor-section elementor-top-section elementor-element elementor-element-35995367 elementor-section-boxed elementor-section-height-default elementor-section-height-default\" data-id=\"35995367\" data-element_type=\"section\" data-e-type=\"section\">\n\t\t\t\t\t\t\t<div class=\"elementor-background-overlay\"><\/div>\n\t\t\t\t\t\t\t<div class=\"elementor-container elementor-column-gap-default\">\n\t\t\t\t\t<div class=\"elementor-column elementor-col-100 elementor-top-column elementor-element elementor-element-4fb32530\" data-id=\"4fb32530\" data-element_type=\"column\" data-e-type=\"column\" data-settings=\"{&quot;background_background&quot;:&quot;classic&quot;}\">\n\t\t\t<div class=\"elementor-widget-wrap elementor-element-populated\">\n\t\t\t\t\t<div class=\"elementor-background-overlay\"><\/div>\n\t\t\t\t\t\t<div class=\"elementor-element elementor-element-10e7b3dc elementor-widget elementor-widget-jkit_heading\" data-id=\"10e7b3dc\" data-element_type=\"widget\" data-e-type=\"widget\" data-widget_type=\"jkit_heading.default\">\n\t\t\t\t<div class=\"elementor-widget-container\">\n\t\t\t\t\t<div  class=\"jeg-elementor-kit jkit-heading  align-left align-tablet- align-mobile- jeg_module___69d290a89b0f8\" ><div class=\"heading-section-title  display-inline-block\"><h1 class=\"heading-title\"> Reseller Program<\/h1><\/div><\/div>\t\t\t\t<\/div>\n\t\t\t\t<\/div>\n\t\t\t\t\t<\/div>\n\t\t<\/div>\n\t\t\t\t\t<\/div>\n\t\t<\/section>\n\t\t\t\t<section class=\"elementor-section elementor-top-section elementor-element elementor-element-683bc4e elementor-section-boxed elementor-section-height-default elementor-section-height-default\" data-id=\"683bc4e\" data-element_type=\"section\" data-e-type=\"section\">\n\t\t\t\t\t\t<div class=\"elementor-container elementor-column-gap-default\">\n\t\t\t\t\t<div class=\"elementor-column elementor-col-100 elementor-top-column elementor-element elementor-element-f204777\" data-id=\"f204777\" data-element_type=\"column\" data-e-type=\"column\">\n\t\t\t<div class=\"elementor-widget-wrap elementor-element-populated\">\n\t\t\t\t\t\t<div class=\"elementor-element elementor-element-d6e28ae elementor-widget elementor-widget-text-editor\" data-id=\"d6e28ae\" data-element_type=\"widget\" data-e-type=\"widget\" data-widget_type=\"text-editor.default\">\n\t\t\t\t<div class=\"elementor-widget-container\">\n\t\t\t\t\t\t\t\t\t<p data-start=\"261\" data-end=\"554\">When you partner with Sun Panels as a reseller, you gain more than a supplier\u2014you gain a strategic partner fully committed to your success. We offer multiple-reseller options designed to help you grow and scale your business efficiently.<\/p><p data-start=\"556\" data-end=\"1030\">We understand the challenges of the solar energy market and know how competitive it can be to secure a sale. That\u2019s why your success is our priority. We share our industry expertise to support your growth, providing expert technical support, ongoing guidance, and continuous access to training and updated resources. We believe in long-term partnerships built on mutual success.<\/p><p data-start=\"1032\" data-end=\"1348\">As a Sun Panels reseller, you can also earn commissions by simply promoting our products through your website, organization, or marketing campaigns. Once you join our reseller program, you\u2019ll receive a commission on every purchase generated through your referral, whether directly or indirectly.<\/p><p data-start=\"1350\" data-end=\"1556\">In addition, you\u2019ll benefit from exclusive discounts on your own purchases, giving you even more incentive to promote and sell our products. There are no limits or restrictions\u2014the more you sell, the more you earn.<\/p><p data-start=\"1558\" data-end=\"1733\">Contact us today if you\u2019re ready to get started or if you\u2019d like more details.<br data-start=\"1635\" data-end=\"1638\" \/>We look forward to working with you and supporting your business growth.<\/p>\t\t\t\t\t\t\t\t<\/div>\n\t\t\t\t<\/div>\n\t\t\t\t\t<\/div>\n\t\t<\/div>\n\t\t\t\t\t<\/div>\n\t\t<\/section>\n\t\t\t\t<\/div>","protected":false},"excerpt":{"rendered":"<p>Programa para Revendedores Al trabajar con nosotros como revendedor de Sun Panels, obtendr\u00e1 mucho m\u00e1s que un proveedor: ganar\u00e1 un socio estrat\u00e9gico comprometido con su crecimiento. Ponemos a su disposici\u00f3n diversas modalidades de reventa dise\u00f1adas para impulsar y escalar su negocio de manera sostenible. Conocemos de primera mano los desaf\u00edos del sector de la energ\u00eda [&hellip;]<\/p>\n","protected":false},"author":3,"featured_media":0,"parent":0,"menu_order":0,"comment_status":"closed","ping_status":"closed","template":"elementor_header_footer","meta":{"_acf_changed":false,"footnotes":""},"class_list":["post-756","page","type-page","status-publish","hentry"],"acf":[],"_links":{"self":[{"href":"https:\/\/sunpanelsstore.com\/en\/wp-json\/wp\/v2\/pages\/756","targetHints":{"allow":["GET"]}}],"collection":[{"href":"https:\/\/sunpanelsstore.com\/en\/wp-json\/wp\/v2\/pages"}],"about":[{"href":"https:\/\/sunpanelsstore.com\/en\/wp-json\/wp\/v2\/types\/page"}],"author":[{"embeddable":true,"href":"https:\/\/sunpanelsstore.com\/en\/wp-json\/wp\/v2\/users\/3"}],"replies":[{"embeddable":true,"href":"https:\/\/sunpanelsstore.com\/en\/wp-json\/wp\/v2\/comments?post=756"}],"version-history":[{"count":6,"href":"https:\/\/sunpanelsstore.com\/en\/wp-json\/wp\/v2\/pages\/756\/revisions"}],"predecessor-version":[{"id":1680,"href":"https:\/\/sunpanelsstore.com\/en\/wp-json\/wp\/v2\/pages\/756\/revisions\/1680"}],"wp:attachment":[{"href":"https:\/\/sunpanelsstore.com\/en\/wp-json\/wp\/v2\/media?parent=756"}],"curies":[{"name":"wp","href":"https:\/\/api.w.org\/{rel}","templated":true}]}}