{"id":79,"date":"2023-03-15T23:10:27","date_gmt":"2023-03-15T23:10:27","guid":{"rendered":"https:\/\/sunpanelsstore.com\/?page_id=79"},"modified":"2023-04-02T03:30:55","modified_gmt":"2023-04-02T03:30:55","slug":"nosotros","status":"publish","type":"page","link":"https:\/\/sunpanelsstore.com\/en\/nosotros\/","title":{"rendered":"About Us"},"content":{"rendered":"<style>.elementor-79 .elementor-element.elementor-element-11447eed > .elementor-background-overlay{background-color:var( --e-global-color-accent );background-image:url(\"https:\/\/sunpanelsstore.com\/wp-content\/uploads\/2023\/03\/bg_01.png\");background-position:bottom right;background-repeat:no-repeat;opacity:0.1;}.elementor-79 .elementor-element.elementor-element-11447eed{margin-top:0px;margin-bottom:0px;padding:0px 0px 0px 0px;}.elementor-79 .elementor-element.elementor-element-32ff044b > .elementor-element-populated >  .elementor-background-overlay{background-image:url(\"https:\/\/sunpanelsstore.com\/wp-content\/uploads\/2023\/03\/bg_01.png\");background-position:bottom right;background-repeat:no-repeat;background-size:100% auto;opacity:0.22;filter:brightness( 200% ) contrast( 100% ) saturate( 100% ) blur( 0px ) hue-rotate( 0deg );}.elementor-79 .elementor-element.elementor-element-32ff044b > .elementor-element-populated, .elementor-79 .elementor-element.elementor-element-32ff044b > .elementor-element-populated > .elementor-background-overlay, .elementor-79 .elementor-element.elementor-element-32ff044b > .elementor-background-slideshow{border-radius:6px 6px 6px 6px;}.elementor-79 .elementor-element.elementor-element-32ff044b > .elementor-element-populated{transition:background 0.3s, border 0.3s, border-radius 0.3s, box-shadow 0.3s;margin:0px 0px 0px 0px;--e-column-margin-right:0px;--e-column-margin-left:0px;padding:60px 20px 20px 20px;}.elementor-79 .elementor-element.elementor-element-32ff044b > .elementor-element-populated > .elementor-background-overlay{transition:background 0.3s, border-radius 0.3s, opacity 0.3s;}.elementor-79 .elementor-element.elementor-element-32ff044b{z-index:2;}.elementor-79 .elementor-element.elementor-element-5d718b25 .jeg-elementor-kit.jkit-heading{text-align:center;}.elementor-79 .elementor-element.elementor-element-5d718b25 .jeg-elementor-kit.jkit-heading .heading-title{-webkit-box-decoration-break:clone;box-decoration-break:clone;display:inline;font-family:var( --e-global-typography-588aadf-font-family ), Sans-serif;font-size:var( --e-global-typography-588aadf-font-size );font-weight:var( --e-global-typography-588aadf-font-weight );line-height:var( --e-global-typography-588aadf-line-height );letter-spacing:var( --e-global-typography-588aadf-letter-spacing );word-spacing:var( --e-global-typography-588aadf-word-spacing );color:var( --e-global-color-primary );}.elementor-79 .elementor-element.elementor-element-5d718b25 .jeg-elementor-kit.jkit-heading .heading-section-title{margin:0px 0px 0px 0px;}.elementor-79 .elementor-element.elementor-element-5d718b25 .jeg-elementor-kit.jkit-heading .heading-section-title .heading-title{padding:0px 0px 0px 0px;}.elementor-79 .elementor-element.elementor-element-5d718b25 > .elementor-widget-container{margin:0px 0px 0px 0px;padding:0px 0px 0px 0px;}.elementor-79 .elementor-element.elementor-element-76f9cd16{margin-top:60px;margin-bottom:20px;}.elementor-bc-flex-widget .elementor-79 .elementor-element.elementor-element-6b417f59.elementor-column .elementor-widget-wrap{align-items:center;}.elementor-79 .elementor-element.elementor-element-6b417f59.elementor-column.elementor-element[data-element_type=\"column\"] > .elementor-widget-wrap.elementor-element-populated{align-content:center;align-items:center;}.elementor-79 .elementor-element.elementor-element-dbdce79 > .elementor-widget-container{margin:84px 0px 0px 0px;padding:22px 0px 0px 0px;}.elementor-79 .elementor-element.elementor-element-72d06dae .jeg-elementor-kit.jkit-heading{text-align:right;}.elementor-79 .elementor-element.elementor-element-72d06dae .jeg-elementor-kit.jkit-heading .heading-title{font-family:\"Poppins\", Sans-serif;font-size:30px;font-weight:700;line-height:1.2em;letter-spacing:-1px;color:var( --e-global-color-primary );}.elementor-79 .elementor-element.elementor-element-72d06dae .jeg-elementor-kit.jkit-heading .heading-title > span{font-family:var( --e-global-typography-f25cb8e-font-family ), Sans-serif;font-size:var( --e-global-typography-f25cb8e-font-size );font-weight:var( --e-global-typography-f25cb8e-font-weight );line-height:var( --e-global-typography-f25cb8e-line-height );letter-spacing:var( --e-global-typography-f25cb8e-letter-spacing );word-spacing:var( --e-global-typography-f25cb8e-word-spacing );}.elementor-79 .elementor-element.elementor-element-72d06dae .jeg-elementor-kit.jkit-heading .heading-section-subtitle{color:var( --e-global-color-9501127 );font-family:var( --e-global-typography-7bec91b-font-family ), Sans-serif;font-size:var( --e-global-typography-7bec91b-font-size );font-weight:var( --e-global-typography-7bec91b-font-weight );line-height:var( --e-global-typography-7bec91b-line-height );letter-spacing:var( --e-global-typography-7bec91b-letter-spacing );word-spacing:var( --e-global-typography-7bec91b-word-spacing );}.elementor-79 .elementor-element.elementor-element-4daf5c4{text-align:end;}.elementor-79 .elementor-element.elementor-element-62400a00{font-family:\"Oxygen\", Sans-serif;font-size:15px;font-weight:300;line-height:1.8em;letter-spacing:0.5px;color:var( --e-global-color-text );}.elementor-79 .elementor-element.elementor-element-6ae8182 .elementor-icon-list-icon i{transition:color 0.3s;}.elementor-79 .elementor-element.elementor-element-6ae8182 .elementor-icon-list-icon svg{transition:fill 0.3s;}.elementor-79 .elementor-element.elementor-element-6ae8182{--e-icon-list-icon-size:23px;--e-icon-list-icon-align:right;--e-icon-list-icon-margin:0 0 0 calc(var(--e-icon-list-icon-size, 1em) * 0.25);--icon-vertical-align:center;--icon-vertical-offset:1px;}.elementor-79 .elementor-element.elementor-element-6ae8182 .elementor-icon-list-icon{padding-inline-end:1px;}.elementor-79 .elementor-element.elementor-element-6ae8182 .elementor-icon-list-text{transition:color 0.3s;}.elementor-79 .elementor-element.elementor-element-6ae8182 > .elementor-widget-container{margin:0px 0px 0px 26px;}.elementor-79 .elementor-element.elementor-element-27907140{--spacer-size:10px;}.elementor-79 .elementor-element.elementor-element-680e4f33{--divider-border-style:solid;--divider-color:var( --e-global-color-1fc2fad );--divider-border-width:1px;}.elementor-79 .elementor-element.elementor-element-680e4f33 .elementor-divider-separator{width:100%;}.elementor-79 .elementor-element.elementor-element-680e4f33 .elementor-divider{padding-block-start:15px;padding-block-end:15px;}.elementor-79 .elementor-element.elementor-element-680e4f33 > .elementor-widget-container{padding:30px 0px 0px 0px;}@media(max-width:1024px) and (min-width:768px){.elementor-79 .elementor-element.elementor-element-84111c5{width:100%;}.elementor-79 .elementor-element.elementor-element-51e1cb86{width:100%;}}@media(max-width:1024px){.elementor-79 .elementor-element.elementor-element-11447eed{margin-top:0px;margin-bottom:0px;padding:0px 0px 0px 0px;}.elementor-79 .elementor-element.elementor-element-32ff044b > .elementor-element-populated, .elementor-79 .elementor-element.elementor-element-32ff044b > .elementor-element-populated > .elementor-background-overlay, .elementor-79 .elementor-element.elementor-element-32ff044b > .elementor-background-slideshow{border-radius:0px 0px 0px 0px;}.elementor-79 .elementor-element.elementor-element-5d718b25 .jeg-elementor-kit.jkit-heading .heading-title{font-size:var( --e-global-typography-588aadf-font-size );line-height:var( --e-global-typography-588aadf-line-height );letter-spacing:var( --e-global-typography-588aadf-letter-spacing );word-spacing:var( --e-global-typography-588aadf-word-spacing );}.elementor-79 .elementor-element.elementor-element-76f9cd16{margin-top:0px;margin-bottom:0px;padding:30px 30px 30px 30px;}.elementor-79 .elementor-element.elementor-element-73ba62f3{margin-top:0px;margin-bottom:0px;padding:0px 0px 0px 0px;}.elementor-79 .elementor-element.elementor-element-72d06dae .jeg-elementor-kit.jkit-heading{text-align:center;}.elementor-79 .elementor-element.elementor-element-72d06dae .jeg-elementor-kit.jkit-heading .heading-title{font-size:45px;}.elementor-79 .elementor-element.elementor-element-72d06dae .jeg-elementor-kit.jkit-heading .heading-title > span{font-size:var( --e-global-typography-f25cb8e-font-size );line-height:var( --e-global-typography-f25cb8e-line-height );letter-spacing:var( --e-global-typography-f25cb8e-letter-spacing );word-spacing:var( --e-global-typography-f25cb8e-word-spacing );}.elementor-79 .elementor-element.elementor-element-72d06dae .jeg-elementor-kit.jkit-heading .heading-section-subtitle{font-size:var( --e-global-typography-7bec91b-font-size );line-height:var( --e-global-typography-7bec91b-line-height );letter-spacing:var( --e-global-typography-7bec91b-letter-spacing );word-spacing:var( --e-global-typography-7bec91b-word-spacing );}.elementor-79 .elementor-element.elementor-element-680e4f33 > .elementor-widget-container{padding:0px 0px 0px 0px;}}@media(max-width:767px){.elementor-79 .elementor-element.elementor-element-32ff044b > .elementor-element-populated, .elementor-79 .elementor-element.elementor-element-32ff044b > .elementor-element-populated > .elementor-background-overlay, .elementor-79 .elementor-element.elementor-element-32ff044b > .elementor-background-slideshow{border-radius:0px 0px 0px 0px;}.elementor-79 .elementor-element.elementor-element-5d718b25 .jeg-elementor-kit.jkit-heading .heading-title{font-size:var( --e-global-typography-588aadf-font-size );line-height:var( --e-global-typography-588aadf-line-height );letter-spacing:var( --e-global-typography-588aadf-letter-spacing );word-spacing:var( --e-global-typography-588aadf-word-spacing );}.elementor-79 .elementor-element.elementor-element-6b417f59 > .elementor-element-populated{margin:0px 0px 0px 0px;--e-column-margin-right:0px;--e-column-margin-left:0px;padding:0px 0px 0px 0px;}.elementor-79 .elementor-element.elementor-element-73ba62f3{margin-top:0px;margin-bottom:0px;padding:0px 0px 0px 0px;}.elementor-79 .elementor-element.elementor-element-72d06dae .jeg-elementor-kit.jkit-heading .heading-title{font-size:35px;}.elementor-79 .elementor-element.elementor-element-72d06dae .jeg-elementor-kit.jkit-heading .heading-title > span{font-size:var( --e-global-typography-f25cb8e-font-size );line-height:var( --e-global-typography-f25cb8e-line-height );letter-spacing:var( --e-global-typography-f25cb8e-letter-spacing );word-spacing:var( --e-global-typography-f25cb8e-word-spacing );}.elementor-79 .elementor-element.elementor-element-72d06dae .jeg-elementor-kit.jkit-heading .heading-section-subtitle{font-size:var( --e-global-typography-7bec91b-font-size );line-height:var( --e-global-typography-7bec91b-line-height );letter-spacing:var( --e-global-typography-7bec91b-letter-spacing );word-spacing:var( --e-global-typography-7bec91b-word-spacing );}}<\/style>\t\t<div data-elementor-type=\"wp-page\" data-elementor-id=\"79\" class=\"elementor elementor-79\" data-elementor-post-type=\"page\">\n\t\t\t\t\t\t<section class=\"elementor-section elementor-top-section elementor-element elementor-element-11447eed elementor-section-boxed elementor-section-height-default elementor-section-height-default\" data-id=\"11447eed\" data-element_type=\"section\" data-e-type=\"section\">\n\t\t\t\t\t\t\t<div class=\"elementor-background-overlay\"><\/div>\n\t\t\t\t\t\t\t<div class=\"elementor-container elementor-column-gap-default\">\n\t\t\t\t\t<div class=\"elementor-column elementor-col-100 elementor-top-column elementor-element elementor-element-32ff044b\" data-id=\"32ff044b\" data-element_type=\"column\" data-e-type=\"column\" data-settings=\"{&quot;background_background&quot;:&quot;classic&quot;}\">\n\t\t\t<div class=\"elementor-widget-wrap elementor-element-populated\">\n\t\t\t\t\t<div class=\"elementor-background-overlay\"><\/div>\n\t\t\t\t\t\t<div class=\"elementor-element elementor-element-5d718b25 elementor-widget elementor-widget-jkit_heading\" data-id=\"5d718b25\" data-element_type=\"widget\" data-e-type=\"widget\" data-widget_type=\"jkit_heading.default\">\n\t\t\t\t<div class=\"elementor-widget-container\">\n\t\t\t\t\t<div  class=\"jeg-elementor-kit jkit-heading  align-center align-tablet- align-mobile- jeg_module___69d2909897061\" ><div class=\"heading-section-title  display-inline-block\"><h2 class=\"heading-title\">Nosotros<\/h2><\/div><\/div>\t\t\t\t<\/div>\n\t\t\t\t<\/div>\n\t\t\t\t\t<\/div>\n\t\t<\/div>\n\t\t\t\t\t<\/div>\n\t\t<\/section>\n\t\t\t\t<section class=\"elementor-section elementor-top-section elementor-element elementor-element-76f9cd16 elementor-reverse-mobile elementor-section-boxed elementor-section-height-default elementor-section-height-default\" data-id=\"76f9cd16\" data-element_type=\"section\" data-e-type=\"section\">\n\t\t\t\t\t\t<div class=\"elementor-container elementor-column-gap-default\">\n\t\t\t\t\t<div class=\"elementor-column elementor-col-100 elementor-top-column elementor-element elementor-element-6b417f59\" data-id=\"6b417f59\" data-element_type=\"column\" data-e-type=\"column\">\n\t\t\t<div class=\"elementor-widget-wrap elementor-element-populated\">\n\t\t\t\t\t\t<section class=\"elementor-section elementor-inner-section elementor-element elementor-element-73ba62f3 elementor-reverse-tablet elementor-section-boxed elementor-section-height-default elementor-section-height-default\" data-id=\"73ba62f3\" data-element_type=\"section\" data-e-type=\"section\">\n\t\t\t\t\t\t<div class=\"elementor-container elementor-column-gap-default\">\n\t\t\t\t\t<div class=\"elementor-column elementor-col-50 elementor-inner-column elementor-element elementor-element-84111c5\" data-id=\"84111c5\" data-element_type=\"column\" data-e-type=\"column\">\n\t\t\t<div class=\"elementor-widget-wrap elementor-element-populated\">\n\t\t\t\t\t\t<div class=\"elementor-element elementor-element-dbdce79 elementor-widget elementor-widget-image\" data-id=\"dbdce79\" data-element_type=\"widget\" data-e-type=\"widget\" data-widget_type=\"image.default\">\n\t\t\t\t<div class=\"elementor-widget-container\">\n\t\t\t\t\t\t\t\t\t\t\t\t\t\t\t<img fetchpriority=\"high\" decoding=\"async\" width=\"1080\" height=\"1300\" src=\"https:\/\/sunpanelsstore.com\/wp-content\/uploads\/2023\/03\/nosotros-1080x1300.png\" class=\"attachment-qi_addons_for_elementor_image_size_huge-square size-qi_addons_for_elementor_image_size_huge-square wp-image-680\" alt=\"\" \/>\t\t\t\t\t\t\t\t\t\t\t\t\t\t\t<\/div>\n\t\t\t\t<\/div>\n\t\t\t\t\t<\/div>\n\t\t<\/div>\n\t\t\t\t<div class=\"elementor-column elementor-col-50 elementor-inner-column elementor-element elementor-element-51e1cb86\" data-id=\"51e1cb86\" data-element_type=\"column\" data-e-type=\"column\">\n\t\t\t<div class=\"elementor-widget-wrap elementor-element-populated\">\n\t\t\t\t\t\t<div class=\"elementor-element elementor-element-72d06dae elementor-widget elementor-widget-jkit_heading\" data-id=\"72d06dae\" data-element_type=\"widget\" data-e-type=\"widget\" data-widget_type=\"jkit_heading.default\">\n\t\t\t\t<div class=\"elementor-widget-container\">\n\t\t\t\t\t<div  class=\"jeg-elementor-kit jkit-heading  align-right align-tablet-center align-mobile- jeg_module__1_69d2909899226\" ><div class=\"heading-section-title  display-inline-block\"><h3 class=\"heading-title\">Acerca de <span class=\"style-color\"><span>Sun Panels Store<\/span><\/span><\/h3><\/div><\/div>\t\t\t\t<\/div>\n\t\t\t\t<\/div>\n\t\t\t\t<div class=\"elementor-element elementor-element-4daf5c4 elementor-widget elementor-widget-image\" data-id=\"4daf5c4\" data-element_type=\"widget\" data-e-type=\"widget\" data-widget_type=\"image.default\">\n\t\t\t\t<div class=\"elementor-widget-container\">\n\t\t\t\t\t\t\t\t\t\t\t\t\t\t\t<img decoding=\"async\" width=\"311\" height=\"91\" src=\"https:\/\/sunpanelsstore.com\/wp-content\/uploads\/2023\/03\/sun-panels-logo-blue.png\" class=\"attachment-large size-large wp-image-620\" alt=\"\" srcset=\"https:\/\/sunpanelsstore.com\/wp-content\/uploads\/2023\/03\/sun-panels-logo-blue.png 311w, https:\/\/sunpanelsstore.com\/wp-content\/uploads\/2023\/03\/sun-panels-logo-blue-300x88.png 300w, https:\/\/sunpanelsstore.com\/wp-content\/uploads\/2023\/03\/sun-panels-logo-blue-18x5.png 18w\" sizes=\"(max-width: 311px) 100vw, 311px\" \/>\t\t\t\t\t\t\t\t\t\t\t\t\t\t\t<\/div>\n\t\t\t\t<\/div>\n\t\t\t\t<div class=\"elementor-element elementor-element-62400a00 elementor-widget elementor-widget-text-editor\" data-id=\"62400a00\" data-element_type=\"widget\" data-e-type=\"widget\" data-widget_type=\"text-editor.default\">\n\t\t\t\t<div class=\"elementor-widget-container\">\n\t\t\t\t\t\t\t\t\t<p>Sun Panels Store es su soluci\u00f3n de energ\u00eda solar de servicio completo. Dise\u00f1amos, instalamos y mantenemos todos nuestros sistemas, asegur\u00e1ndonos de que tenga una soluci\u00f3n personalizada construida para sus necesidades exactas. Nuestro equipo profesional de ingenieros e instaladores lo pondr\u00e1 en funcionamiento y ahorrar\u00e1 dinero en poco tiempo.<\/p><p>Nuestros sistemas fotovoltaicos tienen la funci\u00f3n de generar electricidad durante el d\u00eda, almacenada en acumuladores de alta eficiencia para abastecer una vivienda o cualquier local comercial las 24 horas del d\u00eda. El sistema \u201cisla\u201d consta de paneles fotovoltaicos, controladores de carga, bater\u00edas e inversores de voltaje para su funcionamiento. Es especialmente beneficioso para aquellas \u00e1reas donde no hay acceso a redes el\u00e9ctricas.<\/p><p>Tambi\u00e9n ofrecemos soluciones interconectadas e h\u00edbridas para una selecci\u00f3n m\u00e1s diversa. Cont\u00e1ctenos para determinar qu\u00e9 soluci\u00f3n es la adecuada para usted.<\/p>\t\t\t\t\t\t\t\t<\/div>\n\t\t\t\t<\/div>\n\t\t\t\t<div class=\"elementor-element elementor-element-6ae8182 elementor-icon-list--layout-inline elementor-align-start elementor-list-item-link-full_width elementor-widget elementor-widget-icon-list\" data-id=\"6ae8182\" data-element_type=\"widget\" data-e-type=\"widget\" data-widget_type=\"icon-list.default\">\n\t\t\t\t<div class=\"elementor-widget-container\">\n\t\t\t\t\t\t\t<ul class=\"elementor-icon-list-items elementor-inline-items\">\n\t\t\t\t\t\t\t<li class=\"elementor-icon-list-item elementor-inline-item\">\n\t\t\t\t\t\t\t\t\t\t\t<span class=\"elementor-icon-list-icon\">\n\t\t\t\t\t\t\t<i aria-hidden=\"true\" class=\"jki jki-user-tie-solid\"><\/i>\t\t\t\t\t\t<\/span>\n\t\t\t\t\t\t\t\t\t\t<span class=\"elementor-icon-list-text\">25,547 Socios Registrados<\/span>\n\t\t\t\t\t\t\t\t\t<\/li>\n\t\t\t\t\t\t\t\t<li class=\"elementor-icon-list-item elementor-inline-item\">\n\t\t\t\t\t\t\t\t\t\t\t<span class=\"elementor-icon-list-icon\">\n\t\t\t\t\t\t\t<i aria-hidden=\"true\" class=\"jki jki-team-worker-line\"><\/i>\t\t\t\t\t\t<\/span>\n\t\t\t\t\t\t\t\t\t\t<span class=\"elementor-icon-list-text\">3000+ Clientes<\/span>\n\t\t\t\t\t\t\t\t\t<\/li>\n\t\t\t\t\t\t\t\t<li class=\"elementor-icon-list-item elementor-inline-item\">\n\t\t\t\t\t\t\t\t\t\t\t<span class=\"elementor-icon-list-icon\">\n\t\t\t\t\t\t\t<i aria-hidden=\"true\" class=\"jki jki-pencil-alt-solid\"><\/i>\t\t\t\t\t\t<\/span>\n\t\t\t\t\t\t\t\t\t\t<span class=\"elementor-icon-list-text\">125,204 Posteos<\/span>\n\t\t\t\t\t\t\t\t\t<\/li>\n\t\t\t\t\t\t\t\t<li class=\"elementor-icon-list-item elementor-inline-item\">\n\t\t\t\t\t\t\t\t\t\t\t<span class=\"elementor-icon-list-icon\">\n\t\t\t\t\t\t\t<i aria-hidden=\"true\" class=\"jki jki-shopping-bag-solid\"><\/i>\t\t\t\t\t\t<\/span>\n\t\t\t\t\t\t\t\t\t\t<span class=\"elementor-icon-list-text\">200+ Proyectos Exitosos<\/span>\n\t\t\t\t\t\t\t\t\t<\/li>\n\t\t\t\t\t\t<\/ul>\n\t\t\t\t\t\t<\/div>\n\t\t\t\t<\/div>\n\t\t\t\t<div class=\"elementor-element elementor-element-daa531a elementor-align-justify elementor-button-warning elementor-widget elementor-widget-button\" data-id=\"daa531a\" data-element_type=\"widget\" data-e-type=\"widget\" data-widget_type=\"button.default\">\n\t\t\t\t<div class=\"elementor-widget-container\">\n\t\t\t\t\t\t\t\t\t<div class=\"elementor-button-wrapper\">\n\t\t\t\t\t<a class=\"elementor-button elementor-button-link elementor-size-xs\" href=\"https:\/\/sunpanelsstore.com\/contactenos\/\">\n\t\t\t\t\t\t<span class=\"elementor-button-content-wrapper\">\n\t\t\t\t\t\t\t\t\t<span class=\"elementor-button-text\">Contactenos<\/span>\n\t\t\t\t\t<\/span>\n\t\t\t\t\t<\/a>\n\t\t\t\t<\/div>\n\t\t\t\t\t\t\t\t<\/div>\n\t\t\t\t<\/div>\n\t\t\t\t\t<\/div>\n\t\t<\/div>\n\t\t\t\t\t<\/div>\n\t\t<\/section>\n\t\t\t\t<div class=\"elementor-element elementor-element-27907140 elementor-widget elementor-widget-spacer\" data-id=\"27907140\" data-element_type=\"widget\" data-e-type=\"widget\" data-widget_type=\"spacer.default\">\n\t\t\t\t<div class=\"elementor-widget-container\">\n\t\t\t\t\t\t\t<div class=\"elementor-spacer\">\n\t\t\t<div class=\"elementor-spacer-inner\"><\/div>\n\t\t<\/div>\n\t\t\t\t\t\t<\/div>\n\t\t\t\t<\/div>\n\t\t\t\t<div class=\"elementor-element elementor-element-680e4f33 elementor-widget-divider--view-line elementor-widget elementor-widget-divider\" data-id=\"680e4f33\" data-element_type=\"widget\" data-e-type=\"widget\" data-widget_type=\"divider.default\">\n\t\t\t\t<div class=\"elementor-widget-container\">\n\t\t\t\t\t\t\t<div class=\"elementor-divider\">\n\t\t\t<span class=\"elementor-divider-separator\">\n\t\t\t\t\t\t<\/span>\n\t\t<\/div>\n\t\t\t\t\t\t<\/div>\n\t\t\t\t<\/div>\n\t\t\t\t\t<\/div>\n\t\t<\/div>\n\t\t\t\t\t<\/div>\n\t\t<\/section>\n\t\t\t\t<\/div>\n\t\t","protected":false},"excerpt":{"rendered":"<p>Nosotros Acerca de Sun Panels Store Sun Panels Store es su soluci\u00f3n de energ\u00eda solar de servicio completo. Dise\u00f1amos, instalamos y mantenemos todos nuestros sistemas, asegur\u00e1ndonos de que tenga una soluci\u00f3n personalizada construida para sus necesidades exactas. Nuestro equipo profesional de ingenieros e instaladores lo pondr\u00e1 en funcionamiento y ahorrar\u00e1 dinero en poco tiempo. Nuestros [&hellip;]<\/p>\n","protected":false},"author":3,"featured_media":0,"parent":0,"menu_order":0,"comment_status":"closed","ping_status":"closed","template":"elementor_header_footer","meta":{"_acf_changed":false,"footnotes":""},"class_list":["post-79","page","type-page","status-publish","hentry"],"acf":[],"_links":{"self":[{"href":"https:\/\/sunpanelsstore.com\/en\/wp-json\/wp\/v2\/pages\/79","targetHints":{"allow":["GET"]}}],"collection":[{"href":"https:\/\/sunpanelsstore.com\/en\/wp-json\/wp\/v2\/pages"}],"about":[{"href":"https:\/\/sunpanelsstore.com\/en\/wp-json\/wp\/v2\/types\/page"}],"author":[{"embeddable":true,"href":"https:\/\/sunpanelsstore.com\/en\/wp-json\/wp\/v2\/users\/3"}],"replies":[{"embeddable":true,"href":"https:\/\/sunpanelsstore.com\/en\/wp-json\/wp\/v2\/comments?post=79"}],"version-history":[{"count":0,"href":"https:\/\/sunpanelsstore.com\/en\/wp-json\/wp\/v2\/pages\/79\/revisions"}],"wp:attachment":[{"href":"https:\/\/sunpanelsstore.com\/en\/wp-json\/wp\/v2\/media?parent=79"}],"curies":[{"name":"wp","href":"https:\/\/api.w.org\/{rel}","templated":true}]}}