{"id":1431,"date":"2025-08-27T07:51:29","date_gmt":"2025-08-27T13:51:29","guid":{"rendered":"https:\/\/sunpanelsstore.com\/?post_type=product&#038;p=1431"},"modified":"2026-02-26T11:40:38","modified_gmt":"2026-02-26T17:40:38","slug":"panel-solar-premium-450w-monocristalino","status":"publish","type":"product","link":"https:\/\/sunpanelsstore.com\/en\/product\/panel-solar-premium-450w-monocristalino\/","title":{"rendered":"Panel Solar Premium 450W Monocristalino"},"content":{"rendered":"<p>Panel solar premium de 450W, con tecnolog\u00eda monocristalina de alto rendimiento. Garantiza m\u00e1xima conversi\u00f3n solar y durabilidad para sistemas residenciales y comerciales.<b><\/b><\/p>\n<ul>\n<li>Potencia de salida: 450W.<\/li>\n<\/ul>\n<ul>\n<li>Eficiencia superior al 21%.<\/li>\n<\/ul>\n<ul>\n<li>Marco de aluminio anodizado, resistente a la intemperie.<\/li>\n<\/ul>\n<ul>\n<li>Vidrio templado de alta transmisi\u00f3n.<\/li>\n<\/ul>\n<ul>\n<li>Vida \u00fatil estimada: 25 a\u00f1os de garant\u00eda de potencia.<\/li>\n<\/ul>\n<ul>\n<li>Compatible con sistemas on-grid y off-grid.<\/li>\n<\/ul>\n<ul>\n<li>No incluye soportes de instalaci\u00f3n.<\/li>\n<\/ul>","protected":false},"excerpt":{"rendered":"<ul>\n<li>Potencia de salida: 450W.<\/li>\n<\/ul>\n<ul>\n<li>Eficiencia superior al 21%.<\/li>\n<\/ul>\n<ul>\n<li>Marco de aluminio anodizado, resistente a la intemperie.<\/li>\n<\/ul>\n<ul>\n<li>Vidrio templado de alta transmisi\u00f3n.<\/li>\n<\/ul>\n<ul>\n<li>Vida \u00fatil estimada: 25 a\u00f1os de garant\u00eda de potencia.<\/li>\n<\/ul>\n<ul>\n<li>Compatible con sistemas on-grid y off-grid.<\/li>\n<\/ul>\n<ul>\n<li>No incluye soportes de instalaci\u00f3n.<\/li>\n<\/ul>","protected":false},"featured_media":1432,"template":"","meta":{"_acf_changed":false},"product_brand":[],"product_cat":[28],"product_tag":[],"class_list":{"0":"post-1431","1":"product","2":"type-product","3":"status-publish","4":"has-post-thumbnail","6":"product_cat-durable-wire","8":"first","9":"instock","10":"taxable","11":"shipping-taxable","12":"purchasable","13":"product-type-simple"},"acf":{"im_status":"enabled","days_for_delivery":"5"},"_links":{"self":[{"href":"https:\/\/sunpanelsstore.com\/en\/wp-json\/wp\/v2\/product\/1431","targetHints":{"allow":["GET"]}}],"collection":[{"href":"https:\/\/sunpanelsstore.com\/en\/wp-json\/wp\/v2\/product"}],"about":[{"href":"https:\/\/sunpanelsstore.com\/en\/wp-json\/wp\/v2\/types\/product"}],"wp:featuredmedia":[{"embeddable":true,"href":"https:\/\/sunpanelsstore.com\/en\/wp-json\/wp\/v2\/media\/1432"}],"wp:attachment":[{"href":"https:\/\/sunpanelsstore.com\/en\/wp-json\/wp\/v2\/media?parent=1431"}],"wp:term":[{"taxonomy":"product_brand","embeddable":true,"href":"https:\/\/sunpanelsstore.com\/en\/wp-json\/wp\/v2\/product_brand?post=1431"},{"taxonomy":"product_cat","embeddable":true,"href":"https:\/\/sunpanelsstore.com\/en\/wp-json\/wp\/v2\/product_cat?post=1431"},{"taxonomy":"product_tag","embeddable":true,"href":"https:\/\/sunpanelsstore.com\/en\/wp-json\/wp\/v2\/product_tag?post=1431"}],"curies":[{"name":"wp","href":"https:\/\/api.w.org\/{rel}","templated":true}]}}