{"id":1440,"date":"2025-08-27T08:03:20","date_gmt":"2025-08-27T14:03:20","guid":{"rendered":"https:\/\/sunpanelsstore.com\/?post_type=product&#038;p=1440"},"modified":"2026-02-26T11:40:38","modified_gmt":"2026-02-26T17:40:38","slug":"kit-solar-residencial-1-5kw-completo","status":"publish","type":"product","link":"https:\/\/sunpanelsstore.com\/en\/product\/kit-solar-residencial-1-5kw-completo\/","title":{"rendered":"Kit Solar Residencial 1.5kW Completo"},"content":{"rendered":"<p>Sistema solar completo de 1.5kW dise\u00f1ado para hogares que buscan autonom\u00eda energ\u00e9tica parcial. Permite alimentar refrigeraci\u00f3n, iluminaci\u00f3n y equipos electr\u00f3nicos b\u00e1sicos.<\/p>\n<ul>\n<li>6 paneles solares monocristalinos de 250W.<\/li>\n<\/ul>\n<ul>\n<li>Controlador MPPT 60A.<\/li>\n<\/ul>\n<ul>\n<li>Inversor h\u00edbrido de 2000W (onda pura).<\/li>\n<\/ul>\n<ul>\n<li>Bater\u00eda de litio de 5kWh.<\/li>\n<\/ul>\n<ul>\n<li>Cableado y conectores incluidos.<\/li>\n<\/ul>\n<ul>\n<li>Compatible con red p\u00fablica y modo aislado.<\/li>\n<\/ul>\n<ul>\n<li>No incluye instalaci\u00f3n t\u00e9cnica (disponible con costo adicional).<\/li>\n<\/ul>","protected":false},"excerpt":{"rendered":"<ul>\n<li>6 paneles solares monocristalinos de 250W.<\/li>\n<\/ul>\n<ul>\n<li>Controlador MPPT 60A.<\/li>\n<\/ul>\n<ul>\n<li>Inversor h\u00edbrido de 2000W (onda pura).<\/li>\n<\/ul>\n<ul>\n<li>Bater\u00eda de litio de 5kWh.<\/li>\n<\/ul>\n<ul>\n<li>Cableado y conectores incluidos.<\/li>\n<\/ul>\n<ul>\n<li>Compatible con red p\u00fablica y modo aislado.<\/li>\n<\/ul>\n<ul>\n<li>No incluye instalaci\u00f3n t\u00e9cnica (disponible con costo adicional).<\/li>\n<\/ul>","protected":false},"featured_media":1441,"template":"","meta":{"_acf_changed":false},"product_brand":[],"product_cat":[28],"product_tag":[],"class_list":{"0":"post-1440","1":"product","2":"type-product","3":"status-publish","4":"has-post-thumbnail","6":"product_cat-durable-wire","8":"first","9":"instock","10":"taxable","11":"shipping-taxable","12":"purchasable","13":"product-type-simple"},"acf":{"im_status":"enabled","days_for_delivery":"5"},"_links":{"self":[{"href":"https:\/\/sunpanelsstore.com\/en\/wp-json\/wp\/v2\/product\/1440","targetHints":{"allow":["GET"]}}],"collection":[{"href":"https:\/\/sunpanelsstore.com\/en\/wp-json\/wp\/v2\/product"}],"about":[{"href":"https:\/\/sunpanelsstore.com\/en\/wp-json\/wp\/v2\/types\/product"}],"wp:featuredmedia":[{"embeddable":true,"href":"https:\/\/sunpanelsstore.com\/en\/wp-json\/wp\/v2\/media\/1441"}],"wp:attachment":[{"href":"https:\/\/sunpanelsstore.com\/en\/wp-json\/wp\/v2\/media?parent=1440"}],"wp:term":[{"taxonomy":"product_brand","embeddable":true,"href":"https:\/\/sunpanelsstore.com\/en\/wp-json\/wp\/v2\/product_brand?post=1440"},{"taxonomy":"product_cat","embeddable":true,"href":"https:\/\/sunpanelsstore.com\/en\/wp-json\/wp\/v2\/product_cat?post=1440"},{"taxonomy":"product_tag","embeddable":true,"href":"https:\/\/sunpanelsstore.com\/en\/wp-json\/wp\/v2\/product_tag?post=1440"}],"curies":[{"name":"wp","href":"https:\/\/api.w.org\/{rel}","templated":true}]}}