{"id":1444,"date":"2025-08-27T08:07:30","date_gmt":"2025-08-27T14:07:30","guid":{"rendered":"https:\/\/sunpanelsstore.com\/?post_type=product&#038;p=1444"},"modified":"2026-02-26T11:40:38","modified_gmt":"2026-02-26T17:40:38","slug":"sistema-solar-hibrido-3kw-con-baterias","status":"publish","type":"product","link":"https:\/\/sunpanelsstore.com\/en\/product\/sistema-solar-hibrido-3kw-con-baterias\/","title":{"rendered":"Sistema Solar H\u00edbrido 3kW con Bater\u00edas"},"content":{"rendered":"<p>Sistema h\u00edbrido de 3kW que combina energ\u00eda solar y conexi\u00f3n a red. Garantiza suministro constante de energ\u00eda para hogares medianos y peque\u00f1as empresas.<\/p>\n<ul>\n<li>10 paneles solares monocristalinos de 300W.<\/li>\n<\/ul>\n<ul>\n<li>Inversor h\u00edbrido 3kW de onda pura.<\/li>\n<\/ul>\n<ul>\n<li>Controlador MPPT 80A.<\/li>\n<\/ul>\n<ul>\n<li>Bater\u00eda de litio 7.5kWh.<\/li>\n<\/ul>\n<ul>\n<li>Dise\u00f1o escalable para ampliaciones futuras.<\/li>\n<\/ul>\n<ul>\n<li>Protecci\u00f3n contra sobrecargas, rayos y fallas de bater\u00eda.<\/li>\n<\/ul>\n<ul>\n<li>No incluye instalaci\u00f3n.<\/li>\n<\/ul>","protected":false},"excerpt":{"rendered":"<ul>\n<li>10 paneles solares monocristalinos de 300W.<\/li>\n<\/ul>\n<ul>\n<li>Inversor h\u00edbrido 3kW de onda pura.<\/li>\n<\/ul>\n<ul>\n<li>Controlador MPPT 80A.<\/li>\n<\/ul>\n<ul>\n<li>Bater\u00eda de litio 7.5kWh.<\/li>\n<\/ul>\n<ul>\n<li>Dise\u00f1o escalable para ampliaciones futuras.<\/li>\n<\/ul>\n<ul>\n<li>Protecci\u00f3n contra sobrecargas, rayos y fallas de bater\u00eda.<\/li>\n<\/ul>\n<ul>\n<li>No incluye instalaci\u00f3n.<\/li>\n<\/ul>","protected":false},"featured_media":1445,"template":"","meta":{"_acf_changed":false},"product_brand":[],"product_cat":[15],"product_tag":[],"class_list":{"0":"post-1444","1":"product","2":"type-product","3":"status-publish","4":"has-post-thumbnail","6":"product_cat-uncategorized","8":"first","9":"instock","10":"taxable","11":"shipping-taxable","12":"purchasable","13":"product-type-simple"},"acf":{"im_status":"enabled","days_for_delivery":"5"},"_links":{"self":[{"href":"https:\/\/sunpanelsstore.com\/en\/wp-json\/wp\/v2\/product\/1444","targetHints":{"allow":["GET"]}}],"collection":[{"href":"https:\/\/sunpanelsstore.com\/en\/wp-json\/wp\/v2\/product"}],"about":[{"href":"https:\/\/sunpanelsstore.com\/en\/wp-json\/wp\/v2\/types\/product"}],"wp:featuredmedia":[{"embeddable":true,"href":"https:\/\/sunpanelsstore.com\/en\/wp-json\/wp\/v2\/media\/1445"}],"wp:attachment":[{"href":"https:\/\/sunpanelsstore.com\/en\/wp-json\/wp\/v2\/media?parent=1444"}],"wp:term":[{"taxonomy":"product_brand","embeddable":true,"href":"https:\/\/sunpanelsstore.com\/en\/wp-json\/wp\/v2\/product_brand?post=1444"},{"taxonomy":"product_cat","embeddable":true,"href":"https:\/\/sunpanelsstore.com\/en\/wp-json\/wp\/v2\/product_cat?post=1444"},{"taxonomy":"product_tag","embeddable":true,"href":"https:\/\/sunpanelsstore.com\/en\/wp-json\/wp\/v2\/product_tag?post=1444"}],"curies":[{"name":"wp","href":"https:\/\/api.w.org\/{rel}","templated":true}]}}