{"id":849,"date":"2023-03-28T22:36:00","date_gmt":"2023-03-28T22:36:00","guid":{"rendered":"https:\/\/sunpanelsstore.com\/?post_type=product&#038;p=849"},"modified":"2026-02-26T11:40:32","modified_gmt":"2026-02-26T17:40:32","slug":"potek-inversor-de-potencia-para-autos-con-puerto-usb","status":"publish","type":"product","link":"https:\/\/sunpanelsstore.com\/en\/product\/potek-inversor-de-potencia-para-autos-con-puerto-usb\/","title":{"rendered":"POTEK Car power inverter with USB port"},"content":{"rendered":"<ul>\n<li>Dise\u00f1o compacto: pantalla digital inteligente y luz indicadora LED para mostrar el voltaje de entrada y salida y c\u00f3digos de error del inversor de alimentaci\u00f3n; con 2 salidas de CA y puerto USB de 2,1 A para cargar luces, ventilador, reproductor de juegos, iPad, c\u00e1mara digital, TV u otros dispositivos electr\u00f3nicos.<\/li>\n<li>Caracter\u00edsticas con alarma audible y ventilador de refrigeraci\u00f3n controlado por temperatura y 6 \u00d7 25 A mini fusible deslizante para que sea seguro de usar y para proteger contra sobretensi\u00f3n, bajo voltaje, sobrecarga, cortocircuito, sobrecalentamiento.<\/li>\n<li>Dise\u00f1o de carcasa de ABS: carcasa de ABS duradera con buen rendimiento que proporciona protecci\u00f3n completa. Te hace m\u00e1s f\u00e1cil y seguro de usar.<\/li>\n<\/ul>","protected":false},"excerpt":{"rendered":"<p>Convierte 12V CC a 110 V CA con terminales de anillo; proporciona potencia nominal de 1000 W y potencia de sobretensi\u00f3n de 2000 W para cargar tus m\u00faltiples dispositivos electr\u00f3nicos.<\/p>","protected":false},"featured_media":427,"template":"","meta":{"_acf_changed":false},"product_brand":[],"product_cat":[27,28],"product_tag":[],"class_list":{"0":"post-849","1":"product","2":"type-product","3":"status-publish","4":"has-post-thumbnail","6":"product_cat-bearing-vane","7":"product_cat-durable-wire","9":"first","10":"instock","11":"taxable","12":"shipping-taxable","13":"purchasable","14":"product-type-simple"},"acf":{"im_status":"enabled","days_for_delivery":"5"},"_links":{"self":[{"href":"https:\/\/sunpanelsstore.com\/en\/wp-json\/wp\/v2\/product\/849","targetHints":{"allow":["GET"]}}],"collection":[{"href":"https:\/\/sunpanelsstore.com\/en\/wp-json\/wp\/v2\/product"}],"about":[{"href":"https:\/\/sunpanelsstore.com\/en\/wp-json\/wp\/v2\/types\/product"}],"wp:featuredmedia":[{"embeddable":true,"href":"https:\/\/sunpanelsstore.com\/en\/wp-json\/wp\/v2\/media\/427"}],"wp:attachment":[{"href":"https:\/\/sunpanelsstore.com\/en\/wp-json\/wp\/v2\/media?parent=849"}],"wp:term":[{"taxonomy":"product_brand","embeddable":true,"href":"https:\/\/sunpanelsstore.com\/en\/wp-json\/wp\/v2\/product_brand?post=849"},{"taxonomy":"product_cat","embeddable":true,"href":"https:\/\/sunpanelsstore.com\/en\/wp-json\/wp\/v2\/product_cat?post=849"},{"taxonomy":"product_tag","embeddable":true,"href":"https:\/\/sunpanelsstore.com\/en\/wp-json\/wp\/v2\/product_tag?post=849"}],"curies":[{"name":"wp","href":"https:\/\/api.w.org\/{rel}","templated":true}]}}