{"id":863,"date":"2023-03-28T16:36:07","date_gmt":"2023-03-28T22:36:07","guid":{"rendered":"https:\/\/sunpanelsstore.com\/?post_type=product&#038;p=863"},"modified":"2026-02-26T11:40:34","modified_gmt":"2026-02-26T17:40:34","slug":"12v-3w-panel-solar-portatil-marco-soporte-55-21-puerto-dvws-cht-9909b","status":"publish","type":"product","link":"https:\/\/sunpanelsstore.com\/en\/product\/12v-3w-panel-solar-portatil-marco-soporte-55-21-puerto-dvws-cht-9909b\/","title":{"rendered":"12v 3w solar panel portable solar panel frame holder 5.5 2.1 port DVWS-CHT-9909B."},"content":{"rendered":"<ul>\n<li>partes el\u00e9ctricas importantes para la transferencia de la potencia de la luz del sol en energ\u00eda el\u00e9ctrica para su aplicaci\u00f3n<\/li>\n<li>Adecuado para cargar el tel\u00e9fono m\u00f3vil y las peque\u00f1as bater\u00edas de CC<\/li>\n<\/ul>","protected":false},"excerpt":{"rendered":"<p>Alto \u00edndice de conversi\u00f3n y de alta eficiencia.<br \/>\nExcelente luz d\u00e9bil es efecto<\/p>","protected":false},"featured_media":469,"template":"","meta":{"_acf_changed":false},"product_brand":[],"product_cat":[28,29],"product_tag":[],"class_list":{"0":"post-863","1":"product","2":"type-product","3":"status-publish","4":"has-post-thumbnail","6":"product_cat-durable-wire","7":"product_cat-electric-motor","9":"first","10":"instock","11":"taxable","12":"shipping-taxable","13":"purchasable","14":"product-type-simple"},"acf":{"im_status":"enabled","days_for_delivery":"5"},"_links":{"self":[{"href":"https:\/\/sunpanelsstore.com\/en\/wp-json\/wp\/v2\/product\/863","targetHints":{"allow":["GET"]}}],"collection":[{"href":"https:\/\/sunpanelsstore.com\/en\/wp-json\/wp\/v2\/product"}],"about":[{"href":"https:\/\/sunpanelsstore.com\/en\/wp-json\/wp\/v2\/types\/product"}],"wp:featuredmedia":[{"embeddable":true,"href":"https:\/\/sunpanelsstore.com\/en\/wp-json\/wp\/v2\/media\/469"}],"wp:attachment":[{"href":"https:\/\/sunpanelsstore.com\/en\/wp-json\/wp\/v2\/media?parent=863"}],"wp:term":[{"taxonomy":"product_brand","embeddable":true,"href":"https:\/\/sunpanelsstore.com\/en\/wp-json\/wp\/v2\/product_brand?post=863"},{"taxonomy":"product_cat","embeddable":true,"href":"https:\/\/sunpanelsstore.com\/en\/wp-json\/wp\/v2\/product_cat?post=863"},{"taxonomy":"product_tag","embeddable":true,"href":"https:\/\/sunpanelsstore.com\/en\/wp-json\/wp\/v2\/product_tag?post=863"}],"curies":[{"name":"wp","href":"https:\/\/api.w.org\/{rel}","templated":true}]}}