{"id":884,"date":"2023-03-28T16:36:10","date_gmt":"2023-03-28T22:36:10","guid":{"rendered":"https:\/\/sunpanelsstore.com\/?post_type=product&#038;p=884"},"modified":"2026-02-26T11:40:36","modified_gmt":"2026-02-26T17:40:36","slug":"30-w-1500lm-luz-led-de-2-unidades-recargable-portatil-impermeable","status":"publish","type":"product","link":"https:\/\/sunpanelsstore.com\/en\/product\/30-w-1500lm-luz-led-de-2-unidades-recargable-portatil-impermeable\/","title":{"rendered":"30 W 1500LM Luz LED de 2 unidades, recargable port\u00e1til impermeable"},"content":{"rendered":"<p>LED recargable y funciona con pilas: alimentado por 2 bater\u00edas recargables 18650 de iones de litio (incluidas) o 4 pilas AA (no incluidas), equipado con un cable USB que permite una carga r\u00e1pida y c\u00f3moda. Tambi\u00e9n sirve como un pr\u00e1ctico banco de energ\u00eda para cargar tu tel\u00e9fono y otros dispositivos en caso de emergencia.<\/p>","protected":false},"excerpt":{"rendered":"<p>Ahorro de energ\u00eda: 30 W de iluminaci\u00f3n port\u00e1til port\u00e1til, 1500 l\u00famenes, reemplaza la bombilla hal\u00f3gena tradicional de 200 W por LED COB de 30W y ahorra un 80% en la factura de electricidad de iluminaci\u00f3n.<\/p>","protected":false},"featured_media":542,"template":"","meta":{"_acf_changed":false},"product_brand":[],"product_cat":[28,29],"product_tag":[],"class_list":{"0":"post-884","1":"product","2":"type-product","3":"status-publish","4":"has-post-thumbnail","6":"product_cat-durable-wire","7":"product_cat-electric-motor","9":"first","10":"instock","11":"taxable","12":"shipping-taxable","13":"purchasable","14":"product-type-simple"},"acf":{"im_status":"enabled","days_for_delivery":"5"},"_links":{"self":[{"href":"https:\/\/sunpanelsstore.com\/en\/wp-json\/wp\/v2\/product\/884","targetHints":{"allow":["GET"]}}],"collection":[{"href":"https:\/\/sunpanelsstore.com\/en\/wp-json\/wp\/v2\/product"}],"about":[{"href":"https:\/\/sunpanelsstore.com\/en\/wp-json\/wp\/v2\/types\/product"}],"wp:featuredmedia":[{"embeddable":true,"href":"https:\/\/sunpanelsstore.com\/en\/wp-json\/wp\/v2\/media\/542"}],"wp:attachment":[{"href":"https:\/\/sunpanelsstore.com\/en\/wp-json\/wp\/v2\/media?parent=884"}],"wp:term":[{"taxonomy":"product_brand","embeddable":true,"href":"https:\/\/sunpanelsstore.com\/en\/wp-json\/wp\/v2\/product_brand?post=884"},{"taxonomy":"product_cat","embeddable":true,"href":"https:\/\/sunpanelsstore.com\/en\/wp-json\/wp\/v2\/product_cat?post=884"},{"taxonomy":"product_tag","embeddable":true,"href":"https:\/\/sunpanelsstore.com\/en\/wp-json\/wp\/v2\/product_tag?post=884"}],"curies":[{"name":"wp","href":"https:\/\/api.w.org\/{rel}","templated":true}]}}